{"id":59,"date":"2025-04-07T08:31:22","date_gmt":"2025-04-07T06:31:22","guid":{"rendered":"http:\/\/harukay.com\/?page_id=59"},"modified":"2025-12-27T15:20:11","modified_gmt":"2025-12-27T14:20:11","slug":"mantenimiento","status":"publish","type":"page","link":"https:\/\/harukay.com\/","title":{"rendered":"Mantenimiento"},"content":{"rendered":"\n<div class=\"row hide-for-small\"  id=\"row-1557335383\">\n\n\n\t<div class=\"col small-12 large-12\"  >\n\t\t<div class=\"col-inner\" style=\"padding:160px 0px 190px 0px;\" >\n\t\t\t\n\t\t\t\n\n<div class=\"row align-center\"  id=\"row-973990713\">\n\n\n\t<div class=\"col medium-4 small-12 large-4\"  >\n\t\t<div class=\"col-inner\"  >\n\t\t\t\n\t\t\t\n\n\t<div class=\"img has-hover x md-x lg-x y md-y lg-y\" id=\"image_1672726441\">\n\t\t\t\t\t\t\t\t<div class=\"img-inner dark\" >\n\t\t\t<img loading=\"lazy\" decoding=\"async\" width=\"933\" height=\"283\" src=\"https:\/\/harukay.com\/wp-content\/uploads\/2025\/04\/Logo-Harukay.webp\" class=\"attachment-large size-large\" alt=\"\" srcset=\"https:\/\/harukay.com\/wp-content\/uploads\/2025\/04\/Logo-Harukay.webp 933w, https:\/\/harukay.com\/wp-content\/uploads\/2025\/04\/Logo-Harukay-300x91.webp 300w, https:\/\/harukay.com\/wp-content\/uploads\/2025\/04\/Logo-Harukay-768x233.webp 768w\" sizes=\"auto, (max-width: 933px) 100vw, 933px\" \/>\t\t\t\t\t\t\n\t\t\t\t\t<\/div>\n\t\t\t\t\t\t\t\t\n<style scope=\"scope\">\n\n#image_1672726441 {\n  width: 100%;\n}\n<\/style>\n\t<\/div>\n\t\n\n\n\t\t<\/div>\n\t<\/div>\n\n\t\n\n\n<style scope=\"scope\">\n\n<\/style>\n<\/div>\n<p style=\"text-align: center;\"><strong><span style=\"font-size: 300%;\">Esta P\u00e1gina est\u00e1 en Construcci\u00f3n\u00a0<\/span><\/strong><\/p>\n<h2 style=\"text-align: center;\">Estar\u00e1 Disponible Muy Pronto\u00a0<\/h2>\n\n\t\t<\/div>\n\t<\/div>\n\n\t\n\n\n<style scope=\"scope\">\n\n#row-1557335383 > .col > .col-inner {\n  padding: 0px 0px 0px 0px;\n}\n<\/style>\n<\/div>\n<div class=\"row show-for-small\"  id=\"row-32282160\">\n\n\n\t<div class=\"col small-12 large-12\"  >\n\t\t<div class=\"col-inner\" style=\"padding:195px 0px 192px 0px;\" >\n\t\t\t\n\t\t\t\n\n<div class=\"row align-center\"  id=\"row-2083471118\">\n\n\n\t<div class=\"col medium-4 small-12 large-4\"  >\n\t\t<div class=\"col-inner text-center\"  >\n\t\t\t\n\t\t\t\n\n\t<div class=\"img has-hover x md-x lg-x y md-y lg-y\" id=\"image_1192615040\">\n\t\t\t\t\t\t\t\t<div class=\"img-inner dark\" >\n\t\t\t<img loading=\"lazy\" decoding=\"async\" width=\"933\" height=\"283\" src=\"https:\/\/harukay.com\/wp-content\/uploads\/2025\/04\/Logo-Harukay.webp\" class=\"attachment-large size-large\" alt=\"\" srcset=\"https:\/\/harukay.com\/wp-content\/uploads\/2025\/04\/Logo-Harukay.webp 933w, https:\/\/harukay.com\/wp-content\/uploads\/2025\/04\/Logo-Harukay-300x91.webp 300w, https:\/\/harukay.com\/wp-content\/uploads\/2025\/04\/Logo-Harukay-768x233.webp 768w\" sizes=\"auto, (max-width: 933px) 100vw, 933px\" \/>\t\t\t\t\t\t\n\t\t\t\t\t<\/div>\n\t\t\t\t\t\t\t\t\n<style scope=\"scope\">\n\n#image_1192615040 {\n  width: 69%;\n}\n\n\n@media (min-width:550px) {\n\n  #image_1192615040 {\n    width: 100%;\n  }\n\n}\n<\/style>\n\t<\/div>\n\t\n\n\n\t\t<\/div>\n\t<\/div>\n\n\t\n\n\n<style scope=\"scope\">\n\n<\/style>\n<\/div>\n<p style=\"text-align: center;\"><strong><span style=\"font-size: 250%;\" data-line-height=\"s\">Esta P\u00e1gina est\u00e1 en Construcci\u00f3n<\/span><\/strong><\/p>\n<h2 style=\"text-align: center;\" data-line-height=\"xs\">Estar\u00e1 Disponible Muy Pronto\u00a0<\/h2>\n\n\t\t<\/div>\n\t<\/div>\n\n\t\n\n\n<style scope=\"scope\">\n\n#row-32282160 > .col > .col-inner {\n  padding: 0px 0px 0px 0px;\n}\n<\/style>\n<\/div>\n\n","protected":false},"excerpt":{"rendered":"","protected":false},"author":2,"featured_media":0,"parent":0,"menu_order":0,"comment_status":"closed","ping_status":"closed","template":"page-blank-landingpage.php","meta":{"footnotes":""},"class_list":["post-59","page","type-page","status-publish","hentry"],"_links":{"self":[{"href":"https:\/\/harukay.com\/index.php?rest_route=\/wp\/v2\/pages\/59","targetHints":{"allow":["GET"]}}],"collection":[{"href":"https:\/\/harukay.com\/index.php?rest_route=\/wp\/v2\/pages"}],"about":[{"href":"https:\/\/harukay.com\/index.php?rest_route=\/wp\/v2\/types\/page"}],"author":[{"embeddable":true,"href":"https:\/\/harukay.com\/index.php?rest_route=\/wp\/v2\/users\/2"}],"replies":[{"embeddable":true,"href":"https:\/\/harukay.com\/index.php?rest_route=%2Fwp%2Fv2%2Fcomments&post=59"}],"version-history":[{"count":7,"href":"https:\/\/harukay.com\/index.php?rest_route=\/wp\/v2\/pages\/59\/revisions"}],"predecessor-version":[{"id":67,"href":"https:\/\/harukay.com\/index.php?rest_route=\/wp\/v2\/pages\/59\/revisions\/67"}],"wp:attachment":[{"href":"https:\/\/harukay.com\/index.php?rest_route=%2Fwp%2Fv2%2Fmedia&parent=59"}],"curies":[{"name":"wp","href":"https:\/\/api.w.org\/{rel}","templated":true}]}}