{"id":510,"date":"2025-05-02T18:38:46","date_gmt":"2025-05-02T16:38:46","guid":{"rendered":"http:\/\/harukay.com\/?page_id=510"},"modified":"2025-12-27T15:20:11","modified_gmt":"2025-12-27T14:20:11","slug":"terminos-y-condiciones","status":"publish","type":"page","link":"https:\/\/harukay.com\/?page_id=510","title":{"rendered":"T\u00c9RMINOS Y CONDICIONES"},"content":{"rendered":"\n<div class=\"row\"  id=\"row-229973911\">\n\n\n\t<div class=\"col small-12 large-12\"  >\n\t\t<div class=\"col-inner\"  >\n\t\t\t\n\t\t\t\n\n<h3 class=\"\" data-start=\"198\" data-end=\"241\">T\u00c9RMINOS Y CONDICIONES DEL SITIO WEB<\/h3>\n<p class=\"\" data-start=\"243\" data-end=\"301\"><strong data-start=\"243\" data-end=\"268\">\u00daltima actualizaci\u00f3n: <\/strong>01\/05\/2025<\/p>\n<p class=\"\" data-start=\"303\" data-end=\"522\">Bienvenido al sitio web de <strong data-start=\"330\" data-end=\"341\">Harukay<\/strong>. Al acceder y navegar por este sitio, aceptas los presentes t\u00e9rminos y condiciones. Si no est\u00e1s de acuerdo con alguna parte de ellos, por favor abstente de utilizar nuestra p\u00e1gina.<\/p>\n<h4 class=\"\" data-start=\"524\" data-end=\"545\"><strong>1. Uso del sitio<\/strong><\/h4>\n<p class=\"\" data-start=\"546\" data-end=\"699\">El contenido del sitio web es \u00fanicamente para uso informativo y comercial. Queda prohibido el uso indebido del mismo con fines il\u00edcitos o no autorizados.<\/p>\n<h4 class=\"\" data-start=\"701\" data-end=\"730\"><strong>2. Propiedad intelectual<\/strong><\/h4>\n<p class=\"\" data-start=\"731\" data-end=\"936\">Todos los textos, im\u00e1genes, dise\u00f1os, marcas y otros contenidos de este sitio son propiedad de Harukay o de sus respectivos propietarios. Queda prohibida su reproducci\u00f3n sin autorizaci\u00f3n previa por escrito.<\/p>\n<h4 class=\"\" data-start=\"938\" data-end=\"967\"><strong>3. Productos y servicios<\/strong><\/h4>\n<p class=\"\" data-start=\"968\" data-end=\"1105\">Harukay se reserva el derecho de modificar, actualizar o eliminar productos y servicios publicados en cualquier momento sin previo aviso.<\/p>\n<h4 class=\"\" data-start=\"1107\" data-end=\"1131\"><strong>4. Enlaces externos<\/strong><\/h4>\n<p class=\"\" data-start=\"1132\" data-end=\"1284\">Este sitio puede contener enlaces a sitios de terceros. Harukay no se hace responsable del contenido ni de las pol\u00edticas de privacidad de dichos sitios.<\/p>\n<h4 class=\"\" data-start=\"1286\" data-end=\"1309\"><strong>5. Responsabilidad<\/strong><\/h4>\n<p class=\"\" data-start=\"1310\" data-end=\"1448\">Harukay no garantiza que el sitio web est\u00e9 libre de errores, virus o interrupciones. El uso del sitio es bajo responsabilidad del usuario.<\/p>\n<h4 class=\"\" data-start=\"1450\" data-end=\"1472\"><strong>6. Modificaciones<\/strong><\/h4>\n<p class=\"\" data-start=\"1473\" data-end=\"1620\">Harukay podr\u00e1 modificar estos t\u00e9rminos y condiciones en cualquier momento. Las modificaciones se har\u00e1n efectivas una vez publicadas en esta p\u00e1gina.<\/p>\n\n\t\t<\/div>\n\t<\/div>\n\n\t\n\n<\/div>\n\n","protected":false},"excerpt":{"rendered":"","protected":false},"author":2,"featured_media":0,"parent":0,"menu_order":0,"comment_status":"closed","ping_status":"closed","template":"","meta":{"footnotes":""},"class_list":["post-510","page","type-page","status-publish","hentry"],"_links":{"self":[{"href":"https:\/\/harukay.com\/index.php?rest_route=\/wp\/v2\/pages\/510","targetHints":{"allow":["GET"]}}],"collection":[{"href":"https:\/\/harukay.com\/index.php?rest_route=\/wp\/v2\/pages"}],"about":[{"href":"https:\/\/harukay.com\/index.php?rest_route=\/wp\/v2\/types\/page"}],"author":[{"embeddable":true,"href":"https:\/\/harukay.com\/index.php?rest_route=\/wp\/v2\/users\/2"}],"replies":[{"embeddable":true,"href":"https:\/\/harukay.com\/index.php?rest_route=%2Fwp%2Fv2%2Fcomments&post=510"}],"version-history":[{"count":2,"href":"https:\/\/harukay.com\/index.php?rest_route=\/wp\/v2\/pages\/510\/revisions"}],"predecessor-version":[{"id":512,"href":"https:\/\/harukay.com\/index.php?rest_route=\/wp\/v2\/pages\/510\/revisions\/512"}],"wp:attachment":[{"href":"https:\/\/harukay.com\/index.php?rest_route=%2Fwp%2Fv2%2Fmedia&parent=510"}],"curies":[{"name":"wp","href":"https:\/\/api.w.org\/{rel}","templated":true}]}}