{"id":312,"date":"2025-04-11T19:53:23","date_gmt":"2025-04-11T17:53:23","guid":{"rendered":"http:\/\/harukay.com\/?page_id=312"},"modified":"2025-12-27T15:20:11","modified_gmt":"2025-12-27T14:20:11","slug":"hk-e1201","status":"publish","type":"page","link":"https:\/\/harukay.com\/?page_id=312","title":{"rendered":"HK-E1201"},"content":{"rendered":"\n\t<div id=\"gap-1823290672\" class=\"gap-element clearfix\" style=\"display:block; height:auto;\">\n\t\t\n<style scope=\"scope\">\n\n#gap-1823290672 {\n  padding-top: 40px;\n}\n<\/style>\n\t<\/div>\n\t\n\n<div class=\"row\"  id=\"row-780685217\">\n\n\n\t<div class=\"col medium-5 small-12 large-5\"  >\n\t\t<div class=\"col-inner\"  >\n\t\t\t\n\t\t\t\n\n\t<div class=\"img has-hover x md-x lg-x y md-y lg-y\" id=\"image_418161158\">\n\t\t\t\t\t\t\t\t<div class=\"img-inner dark\" >\n\t\t\t<img loading=\"lazy\" decoding=\"async\" width=\"1020\" height=\"1020\" src=\"https:\/\/harukay.com\/wp-content\/uploads\/2025\/04\/HK-E1201_-APLIQUES-FOIL-1024x1024.webp\" class=\"attachment-large size-large\" alt=\"\" srcset=\"https:\/\/harukay.com\/wp-content\/uploads\/2025\/04\/HK-E1201_-APLIQUES-FOIL-1024x1024.webp 1024w, https:\/\/harukay.com\/wp-content\/uploads\/2025\/04\/HK-E1201_-APLIQUES-FOIL-300x300.webp 300w, https:\/\/harukay.com\/wp-content\/uploads\/2025\/04\/HK-E1201_-APLIQUES-FOIL-150x150.webp 150w, https:\/\/harukay.com\/wp-content\/uploads\/2025\/04\/HK-E1201_-APLIQUES-FOIL-768x768.webp 768w, https:\/\/harukay.com\/wp-content\/uploads\/2025\/04\/HK-E1201_-APLIQUES-FOIL.webp 1536w\" sizes=\"auto, (max-width: 1020px) 100vw, 1020px\" \/>\t\t\t\t\t\t\n\t\t\t\t\t<\/div>\n\t\t\t\t\t\t\t\t\n<style scope=\"scope\">\n\n#image_418161158 {\n  width: 100%;\n}\n<\/style>\n\t<\/div>\n\t\n\n<div class=\"row\"  id=\"row-950146715\">\n\n\n\t<div class=\"col small-12 large-12\"  >\n\t\t<div class=\"col-inner\"  >\n\t\t\t\n\t\t\t\n\n\n  <div class=\"banner has-hover\" id=\"banner-1641225479\">\n          <div class=\"banner-inner fill\">\n        <div class=\"banner-bg fill\" >\n            <div class=\"bg fill bg-fill \"><\/div>\n                        <div class=\"overlay\"><\/div>            \n                    <\/div>\n        <div class=\"banner-layers container\">\n            <div class=\"fill banner-link\"><\/div>            \n\n   <div id=\"text-box-939006482\" class=\"text-box banner-layer x50 md-x50 lg-x50 y50 md-y50 lg-y50 res-text\">\n                                <div class=\"text dark\">\n              \n              <div class=\"text-inner text-center\">\n                  \n\n<div class=\"video-button-wrapper\" style=\"font-size:256%\"><a href=\"http:\/\/harukay.com\/wp-content\/uploads\/2025\/04\/1201.mp4\" class=\"button open-video icon circle is-outline is-xlarge\"><i class=\"icon-play\" style=\"font-size:1.5em;\"><\/i><\/a><\/div>\n\n\n              <\/div>\n           <\/div>\n                            \n<style scope=\"scope\">\n\n#text-box-939006482 {\n  width: 60%;\n}\n#text-box-939006482 .text {\n  font-size: 100%;\n}\n<\/style>\n    <\/div>\n \n\n        <\/div>\n      <\/div>\n\n            \n<style scope=\"scope\">\n\n#banner-1641225479 {\n  padding-top: 246px;\n}\n#banner-1641225479 .bg.bg-loaded {\n  background-image: url(https:\/\/harukay.com\/wp-content\/uploads\/2025\/04\/F1201.png);\n}\n#banner-1641225479 .overlay {\n  background-color: rgba(0,0,0,.5);\n}\n<\/style>\n  <\/div>\n\n\n\n\t\t<\/div>\n\t<\/div>\n\n\t\n\n<\/div>\n<a class=\"button primary lowercase\"  >\n    <span>M\u00e1s Informaci\u00f3n<\/span>\n  <\/a>\n\n\n<a class=\"button secondary lowercase\"  >\n    <span>Cont\u00e1ctanos<\/span>\n  <\/a>\n\n\n\n\t\t<\/div>\n\t<\/div>\n\n\t\n\n\t<div class=\"col medium-7 small-12 large-7\"  >\n\t\t<div class=\"col-inner\"  >\n\t\t\t\n\t\t\t\n\n\n\t\t<div class=\"icon-box featured-box icon-box-left text-left\"  >\n\t\t\t\t\t<div class=\"icon-box-img\" style=\"width: 60px\">\n\t\t\t\t<div class=\"icon\">\n\t\t\t\t\t<div class=\"icon-inner\" >\n\t\t\t\t\t\t<img loading=\"lazy\" decoding=\"async\" width=\"300\" height=\"300\" src=\"https:\/\/harukay.com\/wp-content\/uploads\/2025\/04\/Haruka-300x300.webp\" class=\"attachment-medium size-medium\" alt=\"\" srcset=\"https:\/\/harukay.com\/wp-content\/uploads\/2025\/04\/Haruka-300x300.webp 300w, https:\/\/harukay.com\/wp-content\/uploads\/2025\/04\/Haruka-150x150.webp 150w, https:\/\/harukay.com\/wp-content\/uploads\/2025\/04\/Haruka.webp 591w\" sizes=\"auto, (max-width: 300px) 100vw, 300px\" \/>\t\t\t\t\t<\/div>\n\t\t\t\t<\/div>\n\t\t\t<\/div>\n\t\t\t\t<div class=\"icon-box-text last-reset\">\n\t\t\t\t\t\t\t\t\t\n\n<div>\n<h1 style=\"text-align: left;\"><span style=\"font-size: 160%;\" data-line-height=\"xs\">HK-E1201<\/span><\/h1>\n<div style=\"text-align: left;\"><span style=\"font-size: 21.6px;\"><b>APLIQUES CON FOIL\u00a0<\/b><\/span><\/div>\n<\/div>\n<div>Esta innovadora m\u00e1quina ha sido dise\u00f1ada para brindar a sus prendas un valor agregado \u00fanico, sofisticado y altamente competitivo, potenciando la diferenciaci\u00f3n de su marca en el mercado. Gracias a su tecnolog\u00eda de vanguardia, permite transformar sus dise\u00f1os, logotipos, mensajes o expresiones art\u00edsticas en detalles luminosos y llamativos de diversos tama\u00f1os, convirtiendo cada creaci\u00f3n en una pieza visualmente impactante.<\/div>\n<div>\u00a0<\/div>\n\n\t\t<\/div>\n\t<\/div>\n\t\n\t\n<div class=\"row\"  id=\"row-1198686857\">\n\n\n\t<div class=\"col small-12 large-12\"  >\n\t\t<div class=\"col-inner\" style=\"background-color:rgb(245, 245, 245);padding:20px 20px 20px 20px;\" >\n\t\t\t\n\t\t\t\n\n<h1>Especificaciones T\u00e9cnicas<\/h1>\n<div class=\"row\"  id=\"row-1172091020\">\n\n\n\t<div class=\"col medium-6 small-12 large-6\"  >\n\t\t<div class=\"col-inner\"  >\n\t\t\t\n\t\t\t\n\n<div><span data-text-color=\"primary\"><strong><span style=\"font-size: 120%;\">General<\/span><\/strong><\/span><\/div>\n<div><strong>No. Cabezales:<\/strong> 1<\/div>\n<div><strong>No. Agujas:<\/strong> 12<\/div>\n<div><strong>Pantalla:<\/strong> T\u00e1ctil<\/div>\n<div><strong>\u00c1rea de bordado: <\/strong>50cm*50cm<\/div>\n<div>\u00a0<\/div>\n<div><span data-text-color=\"primary\"><strong><span style=\"font-size: 120%;\">Tama\u00f1o<\/span><\/strong><\/span><\/div>\n<div><strong>Ancho:<\/strong> 130 cm<\/div>\n<div><strong>Alto:<\/strong> 160 cm<\/div>\n<div><strong>Largo:<\/strong> 125 cm<\/div>\n<div>\u00a0<\/div>\n<div>\n<div><span style=\"font-size: 120%;\" data-text-color=\"primary\"><strong>Aplicaciones\u00a0<\/strong><\/span><\/div>\n<div>Prenda armada, gorra, calzado<\/div>\n<\/div>\n\n\t\t<\/div>\n\t<\/div>\n\n\t\n\n\t<div class=\"col medium-6 small-12 large-6\"  >\n\t\t<div class=\"col-inner\"  >\n\t\t\t\n\t\t\t\n\n<div><span style=\"font-size: 120%;\" data-text-color=\"primary\"><strong>El\u00e9ctrico<\/strong><\/span><\/div>\n<div><strong>Consumo total:<\/strong> 3 Amperios<\/div>\n<div><strong>Voltaje:<\/strong> 110V Monof\u00e1sico<\/div>\n<div><strong>UPS:<\/strong> Necesaria<\/div>\n<div><strong>Velocidad:<\/strong> 1000 ppp<\/div>\n<div>* Las velocidades pueden variar dependiendo del dise\u00f1o<\/div>\n<div>\u00a0<\/div>\n<div>\n<div><span style=\"font-size: 120%;\" data-text-color=\"primary\"><strong>Accesorios\u00a0<\/strong><\/span><\/div>\n<div>\n<div>Kit de Herramientas<\/div>\n<\/div>\n<\/div>\n<div>\u00a0<\/div>\n<div>\n<div><span style=\"font-size: 120%;\" data-text-color=\"primary\"><strong>Garant\u00eda<\/strong><\/span><\/div>\n<div>Un a\u00f1o de garant\u00eda<\/div>\n<\/div>\n<div>\n<div>\u00a0<\/div>\n<div><span style=\"font-size: 120%;\" data-text-color=\"primary\"><strong>Cat\u00e1lago<\/strong><\/span><\/div>\n<\/div>\n\t<div class=\"img has-hover x md-x lg-x y md-y lg-y\" id=\"image_1623083572\">\n\t\t<a class=\"\" href=\"https:\/\/drive.google.com\/file\/d\/1RfIx1HCeTHsEFiXMEsMHTVM0mw8AC-y-\/view?usp=sharing\" target=\"_blank\" rel=\"noopener noreferrer\" >\t\t\t\t\t\t<div class=\"img-inner dark\" >\n\t\t\t<img loading=\"lazy\" decoding=\"async\" width=\"1020\" height=\"1020\" src=\"https:\/\/harukay.com\/wp-content\/uploads\/2025\/04\/Brochure03-1024x1024.webp\" class=\"attachment-large size-large\" alt=\"\" srcset=\"https:\/\/harukay.com\/wp-content\/uploads\/2025\/04\/Brochure03-1024x1024.webp 1024w, https:\/\/harukay.com\/wp-content\/uploads\/2025\/04\/Brochure03-300x300.webp 300w, https:\/\/harukay.com\/wp-content\/uploads\/2025\/04\/Brochure03-150x150.webp 150w, https:\/\/harukay.com\/wp-content\/uploads\/2025\/04\/Brochure03-768x768.webp 768w, https:\/\/harukay.com\/wp-content\/uploads\/2025\/04\/Brochure03-1536x1536.webp 1536w, https:\/\/harukay.com\/wp-content\/uploads\/2025\/04\/Brochure03.webp 1575w\" sizes=\"auto, (max-width: 1020px) 100vw, 1020px\" \/>\t\t\t\t\t\t\n\t\t\t\t\t<\/div>\n\t\t\t\t\t\t<\/a>\t\t\n<style scope=\"scope\">\n\n#image_1623083572 {\n  width: 100%;\n}\n<\/style>\n\t<\/div>\n\t\n\n<p style=\"text-align: center;\"><a href=\"https:\/\/drive.google.com\/file\/d\/1RfIx1HCeTHsEFiXMEsMHTVM0mw8AC-y-\/view?usp=sharing\" target=\"_blank\" rel=\"noopener\"><span style=\"color: #000000;\"><strong>Ver o Descargar\u00a0<\/strong><\/span><\/a><\/p>\n\n\t\t<\/div>\n\t<\/div>\n\n\t\n\n<\/div>\n\n\t\t<\/div>\n\t<\/div>\n\n\t\n\n<\/div>\n\n\t\t<\/div>\n\t<\/div>\n\n\t\n\n<\/div>\n\n","protected":false},"excerpt":{"rendered":"","protected":false},"author":2,"featured_media":0,"parent":0,"menu_order":0,"comment_status":"closed","ping_status":"closed","template":"","meta":{"footnotes":""},"class_list":["post-312","page","type-page","status-publish","hentry"],"_links":{"self":[{"href":"https:\/\/harukay.com\/index.php?rest_route=\/wp\/v2\/pages\/312","targetHints":{"allow":["GET"]}}],"collection":[{"href":"https:\/\/harukay.com\/index.php?rest_route=\/wp\/v2\/pages"}],"about":[{"href":"https:\/\/harukay.com\/index.php?rest_route=\/wp\/v2\/types\/page"}],"author":[{"embeddable":true,"href":"https:\/\/harukay.com\/index.php?rest_route=\/wp\/v2\/users\/2"}],"replies":[{"embeddable":true,"href":"https:\/\/harukay.com\/index.php?rest_route=%2Fwp%2Fv2%2Fcomments&post=312"}],"version-history":[{"count":12,"href":"https:\/\/harukay.com\/index.php?rest_route=\/wp\/v2\/pages\/312\/revisions"}],"predecessor-version":[{"id":399,"href":"https:\/\/harukay.com\/index.php?rest_route=\/wp\/v2\/pages\/312\/revisions\/399"}],"wp:attachment":[{"href":"https:\/\/harukay.com\/index.php?rest_route=%2Fwp%2Fv2%2Fmedia&parent=312"}],"curies":[{"name":"wp","href":"https:\/\/api.w.org\/{rel}","templated":true}]}}