{"id":304,"date":"2025-04-11T19:52:26","date_gmt":"2025-04-11T17:52:26","guid":{"rendered":"http:\/\/harukay.com\/?page_id=304"},"modified":"2025-12-27T15:20:11","modified_gmt":"2025-12-27T14:20:11","slug":"hk-ec1501-2","status":"publish","type":"page","link":"https:\/\/harukay.com\/?page_id=304","title":{"rendered":"HK-EC1501"},"content":{"rendered":"\n\t<div id=\"gap-1725831644\" class=\"gap-element clearfix\" style=\"display:block; height:auto;\">\n\t\t\n<style scope=\"scope\">\n\n#gap-1725831644 {\n  padding-top: 40px;\n}\n<\/style>\n\t<\/div>\n\t\n\n<div class=\"row\"  id=\"row-186740886\">\n\n\n\t<div class=\"col medium-5 small-12 large-5\"  >\n\t\t<div class=\"col-inner\"  >\n\t\t\t\n\t\t\t\n\n\t<div class=\"img has-hover x md-x lg-x y md-y lg-y\" id=\"image_508224451\">\n\t\t\t\t\t\t\t\t<div class=\"img-inner dark\" >\n\t\t\t<img loading=\"lazy\" decoding=\"async\" width=\"1536\" height=\"1536\" src=\"https:\/\/harukay.com\/wp-content\/uploads\/2025\/04\/HK-EC1501_BORDADORA.webp\" class=\"attachment-original size-original\" alt=\"\" srcset=\"https:\/\/harukay.com\/wp-content\/uploads\/2025\/04\/HK-EC1501_BORDADORA.webp 1536w, https:\/\/harukay.com\/wp-content\/uploads\/2025\/04\/HK-EC1501_BORDADORA-300x300.webp 300w, https:\/\/harukay.com\/wp-content\/uploads\/2025\/04\/HK-EC1501_BORDADORA-1024x1024.webp 1024w, https:\/\/harukay.com\/wp-content\/uploads\/2025\/04\/HK-EC1501_BORDADORA-150x150.webp 150w, https:\/\/harukay.com\/wp-content\/uploads\/2025\/04\/HK-EC1501_BORDADORA-768x768.webp 768w\" sizes=\"auto, (max-width: 1536px) 100vw, 1536px\" \/>\t\t\t\t\t\t\n\t\t\t\t\t<\/div>\n\t\t\t\t\t\t\t\t\n<style scope=\"scope\">\n\n#image_508224451 {\n  width: 100%;\n}\n<\/style>\n\t<\/div>\n\t\n\n<a class=\"button primary lowercase\"  >\n    <span>M\u00e1s Informaci\u00f3n<\/span>\n  <\/a>\n\n\n<a class=\"button secondary lowercase\"  >\n    <span>Cont\u00e1ctanos<\/span>\n  <\/a>\n\n\n\n\t\t<\/div>\n\t<\/div>\n\n\t\n\n\t<div class=\"col medium-7 small-12 large-7\"  >\n\t\t<div class=\"col-inner\"  >\n\t\t\t\n\t\t\t\n\n\n\t\t<div class=\"icon-box featured-box icon-box-left text-left\"  >\n\t\t\t\t\t<div class=\"icon-box-img\" style=\"width: 60px\">\n\t\t\t\t<div class=\"icon\">\n\t\t\t\t\t<div class=\"icon-inner\" >\n\t\t\t\t\t\t<img loading=\"lazy\" decoding=\"async\" width=\"300\" height=\"300\" src=\"https:\/\/harukay.com\/wp-content\/uploads\/2025\/04\/Haruka-300x300.webp\" class=\"attachment-medium size-medium\" alt=\"\" srcset=\"https:\/\/harukay.com\/wp-content\/uploads\/2025\/04\/Haruka-300x300.webp 300w, https:\/\/harukay.com\/wp-content\/uploads\/2025\/04\/Haruka-150x150.webp 150w, https:\/\/harukay.com\/wp-content\/uploads\/2025\/04\/Haruka.webp 591w\" sizes=\"auto, (max-width: 300px) 100vw, 300px\" \/>\t\t\t\t\t<\/div>\n\t\t\t\t<\/div>\n\t\t\t<\/div>\n\t\t\t\t<div class=\"icon-box-text last-reset\">\n\t\t\t\t\t\t\t\t\t\n\n<div>\n<h1 style=\"text-align: left;\"><span style=\"font-size: 160%;\" data-line-height=\"xs\">HK-EC1501<\/span><\/h1>\n<div style=\"text-align: left;\"><span style=\"font-size: 21.6px;\"><b>CHENILLE 1501<\/b><\/span><\/div>\n<\/div>\n<div>Nuestra m\u00e1quina bordadora de doble prop\u00f3sito combina el bordado tradicional con la t\u00e9cnica Chenille para ofrecer resultados de alta precisi\u00f3n y un estilo americano distintivo. Esta herramienta agrega un valor \u00fanico y sofisticado a tus dise\u00f1os, potenciando la productividad y la diferenciaci\u00f3n en el mercado textil.<\/div>\n<div>\u00a0<\/div>\n\n\t\t<\/div>\n\t<\/div>\n\t\n\t\n<div class=\"row\"  id=\"row-1737383127\">\n\n\n\t<div class=\"col small-12 large-12\"  >\n\t\t<div class=\"col-inner\" style=\"background-color:rgb(245, 245, 245);padding:20px 20px 20px 20px;\" >\n\t\t\t\n\t\t\t\n\n<h1>Especificaciones T\u00e9cnicas<\/h1>\n<div class=\"row\"  id=\"row-719152125\">\n\n\n\t<div class=\"col medium-6 small-12 large-6\"  >\n\t\t<div class=\"col-inner\"  >\n\t\t\t\n\t\t\t\n\n<div><span data-text-color=\"primary\"><strong><span style=\"font-size: 120%;\">General<\/span><\/strong><\/span><\/div>\n<div><strong>No. Cabezales:<\/strong> 1 + 1 Chenille<\/div>\n<div><strong>No. Agujas:<\/strong> 15 + 6 Chenille<\/div>\n<div><strong>Pantalla:<\/strong> T\u00e1ctil<\/div>\n<div><strong>\u00c1rea de bordado: <\/strong>120cm*56cm<\/div>\n<div><strong>Velocidad:<\/strong> 1000 ppp<\/div>\n<div>\u00a0<\/div>\n<div><span data-text-color=\"primary\"><strong><span style=\"font-size: 120%;\">Tama\u00f1o<\/span><\/strong><\/span><\/div>\n<div><strong>Ancho:<\/strong> 310 cm<\/div>\n<div><strong>Alto:<\/strong> 160 cm<\/div>\n<div><strong>Largo:<\/strong> 170 cm<\/div>\n<div>\u00a0<\/div>\n<div>\n<div><span style=\"font-size: 120%;\" data-text-color=\"primary\"><strong>Aplicaciones\u00a0<\/strong><\/span><\/div>\n<div>Prendas terminadas:\u00a0<\/div>\n<div>Batas, Toallas, Tapetes, etc.<\/div>\n<\/div>\n\n\t\t<\/div>\n\t<\/div>\n\n\t\n\n\t<div class=\"col medium-6 small-12 large-6\"  >\n\t\t<div class=\"col-inner\"  >\n\t\t\t\n\t\t\t\n\n<div><span style=\"font-size: 120%;\" data-text-color=\"primary\"><strong>El\u00e9ctrico<\/strong><\/span><\/div>\n<div><strong>Consumo total:<\/strong> 3 Amperios<\/div>\n<div><strong>Voltaje:<\/strong> 220V Monof\u00e1sico<\/div>\n<div><strong>UPS:<\/strong> Necesaria<\/div>\n<div><strong>Compresor:<\/strong> 8 Libras (2,8 Amperios)<\/div>\n<div>\u00a0<\/div>\n<div>\n<div><span style=\"font-size: 120%;\" data-text-color=\"primary\"><strong>Accesorios\u00a0<\/strong><\/span><\/div>\n<div>\n<div>1 marco de 120*56 cm<\/div>\n<div>1 marco 40*36 cm\u00a0<\/div>\n<\/div>\n<\/div>\n<div>Kit de herramientas<\/div>\n<div>Ebanador de carreteles<\/div>\n<div>\u00a0<\/div>\n<div>\n<div><span style=\"font-size: 120%;\" data-text-color=\"primary\"><strong>Garant\u00eda<\/strong><\/span><\/div>\n<div>Un a\u00f1o de garant\u00eda<\/div>\n<\/div>\n<div>\u00a0<\/div>\n<div>\n<div><span style=\"font-size: 120%;\" data-text-color=\"primary\"><strong>Cat\u00e1logo<\/strong><\/span><\/div>\n<\/div>\n\t<div class=\"img has-hover x md-x lg-x y md-y lg-y\" id=\"image_1070797411\">\n\t\t\t\t\t\t\t\t<div class=\"img-inner dark\" >\n\t\t\t<img loading=\"lazy\" decoding=\"async\" width=\"1020\" height=\"1020\" src=\"https:\/\/harukay.com\/wp-content\/uploads\/2025\/04\/Brochure06-1024x1024.webp\" class=\"attachment-large size-large\" alt=\"\" srcset=\"https:\/\/harukay.com\/wp-content\/uploads\/2025\/04\/Brochure06-1024x1024.webp 1024w, https:\/\/harukay.com\/wp-content\/uploads\/2025\/04\/Brochure06-300x300.webp 300w, https:\/\/harukay.com\/wp-content\/uploads\/2025\/04\/Brochure06-150x150.webp 150w, https:\/\/harukay.com\/wp-content\/uploads\/2025\/04\/Brochure06-768x768.webp 768w, https:\/\/harukay.com\/wp-content\/uploads\/2025\/04\/Brochure06-1536x1536.webp 1536w, https:\/\/harukay.com\/wp-content\/uploads\/2025\/04\/Brochure06.webp 1575w\" sizes=\"auto, (max-width: 1020px) 100vw, 1020px\" \/>\t\t\t\t\t\t\n\t\t\t\t\t<\/div>\n\t\t\t\t\t\t\t\t\n<style scope=\"scope\">\n\n#image_1070797411 {\n  width: 100%;\n}\n<\/style>\n\t<\/div>\n\t\n\n<p><a href=\"https:\/\/drive.google.com\/file\/d\/1hj7MLb9JAKsWYUjCuihbiQw2pMA09uS-\/view?usp=sharing\" target=\"_blank\" rel=\"noopener\"><strong>Ver o Descargar\u00a0<\/strong><\/a><\/p>\n\n\t\t<\/div>\n\t<\/div>\n\n\t\n\n<\/div>\n\n\t\t<\/div>\n\t<\/div>\n\n\t\n\n<\/div>\n\n\t\t<\/div>\n\t<\/div>\n\n\t\n\n<\/div>\n\n","protected":false},"excerpt":{"rendered":"","protected":false},"author":2,"featured_media":0,"parent":0,"menu_order":0,"comment_status":"closed","ping_status":"closed","template":"","meta":{"footnotes":""},"class_list":["post-304","page","type-page","status-publish","hentry"],"_links":{"self":[{"href":"https:\/\/harukay.com\/index.php?rest_route=\/wp\/v2\/pages\/304","targetHints":{"allow":["GET"]}}],"collection":[{"href":"https:\/\/harukay.com\/index.php?rest_route=\/wp\/v2\/pages"}],"about":[{"href":"https:\/\/harukay.com\/index.php?rest_route=\/wp\/v2\/types\/page"}],"author":[{"embeddable":true,"href":"https:\/\/harukay.com\/index.php?rest_route=\/wp\/v2\/users\/2"}],"replies":[{"embeddable":true,"href":"https:\/\/harukay.com\/index.php?rest_route=%2Fwp%2Fv2%2Fcomments&post=304"}],"version-history":[{"count":9,"href":"https:\/\/harukay.com\/index.php?rest_route=\/wp\/v2\/pages\/304\/revisions"}],"predecessor-version":[{"id":444,"href":"https:\/\/harukay.com\/index.php?rest_route=\/wp\/v2\/pages\/304\/revisions\/444"}],"wp:attachment":[{"href":"https:\/\/harukay.com\/index.php?rest_route=%2Fwp%2Fv2%2Fmedia&parent=304"}],"curies":[{"name":"wp","href":"https:\/\/api.w.org\/{rel}","templated":true}]}}