{"id":221,"date":"2025-04-11T06:30:42","date_gmt":"2025-04-11T04:30:42","guid":{"rendered":"http:\/\/harukay.com\/?page_id=221"},"modified":"2025-12-27T15:20:11","modified_gmt":"2025-12-27T14:20:11","slug":"hk-toelink-2","status":"publish","type":"page","link":"https:\/\/harukay.com\/?page_id=221","title":{"rendered":"HK-TOELINK"},"content":{"rendered":"\n\t<div id=\"gap-679921435\" class=\"gap-element clearfix\" style=\"display:block; height:auto;\">\n\t\t\n<style scope=\"scope\">\n\n#gap-679921435 {\n  padding-top: 40px;\n}\n<\/style>\n\t<\/div>\n\t\n\n<div class=\"row align-center\"  id=\"row-212847764\">\n\n\n\t<div class=\"col medium-5 small-12 large-5\"  >\n\t\t<div class=\"col-inner\"  >\n\t\t\t\n\t\t\t\n\n\t<div class=\"img has-hover x md-x lg-x y md-y lg-y\" id=\"image_1181149552\">\n\t\t\t\t\t\t\t\t<div class=\"img-inner dark\" >\n\t\t\t<img loading=\"lazy\" decoding=\"async\" width=\"1020\" height=\"1020\" src=\"https:\/\/harukay.com\/wp-content\/uploads\/2025\/04\/HK-TOELINK-1024x1024.webp\" class=\"attachment-large size-large\" alt=\"\" srcset=\"https:\/\/harukay.com\/wp-content\/uploads\/2025\/04\/HK-TOELINK-1024x1024.webp 1024w, https:\/\/harukay.com\/wp-content\/uploads\/2025\/04\/HK-TOELINK-300x300.webp 300w, https:\/\/harukay.com\/wp-content\/uploads\/2025\/04\/HK-TOELINK-150x150.webp 150w, https:\/\/harukay.com\/wp-content\/uploads\/2025\/04\/HK-TOELINK-768x768.webp 768w, https:\/\/harukay.com\/wp-content\/uploads\/2025\/04\/HK-TOELINK-1536x1536.webp 1536w, https:\/\/harukay.com\/wp-content\/uploads\/2025\/04\/HK-TOELINK.webp 1772w\" sizes=\"auto, (max-width: 1020px) 100vw, 1020px\" \/>\t\t\t\t\t\t\n\t\t\t\t\t<\/div>\n\t\t\t\t\t\t\t\t\n<style scope=\"scope\">\n\n#image_1181149552 {\n  width: 100%;\n}\n<\/style>\n\t<\/div>\n\t\n\n<a class=\"button primary lowercase\"  >\n    <span>M\u00e1s Informaci\u00f3n<\/span>\n  <\/a>\n\n\n<a class=\"button secondary lowercase\"  >\n    <span>Cont\u00e1ctanos<\/span>\n  <\/a>\n\n\n\n\t\t<\/div>\n\t<\/div>\n\n\t\n\n\t<div class=\"col medium-7 small-12 large-7\"  >\n\t\t<div class=\"col-inner\"  >\n\t\t\t\n\t\t\t\n\n\n\t\t<div class=\"icon-box featured-box icon-box-left text-left\"  >\n\t\t\t\t\t<div class=\"icon-box-img\" style=\"width: 60px\">\n\t\t\t\t<div class=\"icon\">\n\t\t\t\t\t<div class=\"icon-inner\" >\n\t\t\t\t\t\t<img loading=\"lazy\" decoding=\"async\" width=\"300\" height=\"300\" src=\"https:\/\/harukay.com\/wp-content\/uploads\/2025\/04\/Haruka-300x300.webp\" class=\"attachment-medium size-medium\" alt=\"\" srcset=\"https:\/\/harukay.com\/wp-content\/uploads\/2025\/04\/Haruka-300x300.webp 300w, https:\/\/harukay.com\/wp-content\/uploads\/2025\/04\/Haruka-150x150.webp 150w, https:\/\/harukay.com\/wp-content\/uploads\/2025\/04\/Haruka.webp 591w\" sizes=\"auto, (max-width: 300px) 100vw, 300px\" \/>\t\t\t\t\t<\/div>\n\t\t\t\t<\/div>\n\t\t\t<\/div>\n\t\t\t\t<div class=\"icon-box-text last-reset\">\n\t\t\t\t\t\t\t\t\t\n\n<div>\n<h1 style=\"text-align: left;\"><span style=\"font-size: 160%;\" data-line-height=\"xs\">HK-TOELINK<\/span><\/h1>\n<div style=\"text-align: left;\"><strong><span style=\"font-size: 150%;\" data-line-height=\"xs\">Cerrradora <\/span><\/strong><\/div>\n<\/div>\n<div>Nuestra m\u00e1quina de acabado de calcetines ofrece un rendimiento<br \/>excepcional, cumpliendo con los m\u00e1s altos est\u00e1ndares de calidad<br \/>exigidos por las marcas l\u00edderes. Con tecnolog\u00eda innovadora, optimiza la<br \/>producci\u00f3n, garantizando resultados consistentes y de excelencia.<br \/>Ideal para empresas que buscan maximizar su competitividad, esta<br \/>soluci\u00f3n eleva la productividad y satisface las demandas del mercado<br \/>m\u00e1s exigente. Conf\u00ede en nosotros para llevar su producci\u00f3n al<br \/>siguiente nivel.<\/div>\n<div>\u00a0<\/div>\n\n\t\t<\/div>\n\t<\/div>\n\t\n\t\n<div class=\"row\"  id=\"row-1402971065\">\n\n\n\t<div class=\"col small-12 large-12\"  >\n\t\t<div class=\"col-inner\" style=\"background-color:rgb(245, 245, 245);padding:20px 20px 20px 20px;\" >\n\t\t\t\n\t\t\t\n\n<h1>Especificaciones T\u00e9cnicas<\/h1>\n<div class=\"row\"  id=\"row-1621945166\">\n\n\n\t<div class=\"col medium-6 small-12 large-6\"  >\n\t\t<div class=\"col-inner\"  >\n\t\t\t\n\t\t\t\n\n<div><span data-text-color=\"primary\"><strong><span style=\"font-size: 120%;\">General<\/span><\/strong><\/span><\/div>\n<div><strong>No. Cabezales:<\/strong> 2<\/div>\n<div><strong>No. Agujas:<\/strong> 4<\/div>\n<div><strong>Pantalla:<\/strong> T\u00e1ctil<\/div>\n<div><strong>Producci\u00f3n:\u00a0<\/strong><\/div>\n<div>\n<div>*La producci\u00f3n puede variar seg\u00fan la velocidad operativa y tipo de calcet\u00edn.<\/div>\n<div>*M\u00e1quina tejedora de calcetines se vende por separado<\/div>\n<\/div>\n<div>\u00a0<\/div>\n<div><span data-text-color=\"primary\"><strong><span style=\"font-size: 120%;\">Tama\u00f1o<\/span><\/strong><\/span><\/div>\n<div><strong>Ancho:<\/strong> 120 cm<\/div>\n<div><strong>Alto:<\/strong> 140 cm<\/div>\n<div><strong>Largo:<\/strong> 110 cm<\/div>\n\n\t\t<\/div>\n\t<\/div>\n\n\t\n\n\t<div class=\"col medium-6 small-12 large-6\"  >\n\t\t<div class=\"col-inner\"  >\n\t\t\t\n\t\t\t\n\n<div><span style=\"font-size: 120%;\" data-text-color=\"primary\"><strong>El\u00e9ctrico<\/strong><\/span><\/div>\n<div><strong>Consumo total:<\/strong> 3 Amperios<\/div>\n<div><strong>Voltaje:<\/strong> 220V Bif\u00e1sico<\/div>\n<div><strong>Velocidad:<\/strong> 200-250 Revoluciones<\/div>\n<div>\u00a0<\/div>\n<div>\n<div><span style=\"font-size: 120%;\" data-text-color=\"primary\"><strong>Garant\u00eda<\/strong><\/span><\/div>\n<div>Un a\u00f1o de garant\u00eda<\/div>\n<\/div>\n<div>\u00a0<\/div>\n<div><span style=\"font-size: 120%;\" data-text-color=\"primary\"><strong>Aplicaciones\u00a0<\/strong><\/span><\/div>\n<div>\n<div>Cierre de la punta de calcetines, de manera autom\u00e1tica y simult\u00e1nea en dos calcetines.<\/div>\n<\/div>\n<div>\u00a0<\/div>\n<div><span style=\"font-size: 120%;\" data-text-color=\"primary\"><strong>Cat\u00e1logo<\/strong><\/span><\/div>\n\t<div class=\"img has-hover x md-x lg-x y md-y lg-y\" id=\"image_1066339808\">\n\t\t<a class=\"\" href=\"https:\/\/drive.google.com\/file\/d\/1CoTzEKiCLiZ-WwmFQPFcPZL0DyzZpCO0\/view?usp=sharing\"  >\t\t\t\t\t\t<div class=\"img-inner dark\" >\n\t\t\t<img loading=\"lazy\" decoding=\"async\" width=\"1020\" height=\"1020\" src=\"https:\/\/harukay.com\/wp-content\/uploads\/2025\/05\/HK-toelink1-1024x1024.webp\" class=\"attachment-large size-large\" alt=\"\" srcset=\"https:\/\/harukay.com\/wp-content\/uploads\/2025\/05\/HK-toelink1-1024x1024.webp 1024w, https:\/\/harukay.com\/wp-content\/uploads\/2025\/05\/HK-toelink1-300x300.webp 300w, https:\/\/harukay.com\/wp-content\/uploads\/2025\/05\/HK-toelink1-150x150.webp 150w, https:\/\/harukay.com\/wp-content\/uploads\/2025\/05\/HK-toelink1-768x768.webp 768w, https:\/\/harukay.com\/wp-content\/uploads\/2025\/05\/HK-toelink1-1536x1536.webp 1536w, https:\/\/harukay.com\/wp-content\/uploads\/2025\/05\/HK-toelink1.webp 1575w\" sizes=\"auto, (max-width: 1020px) 100vw, 1020px\" \/>\t\t\t\t\t\t\n\t\t\t\t\t<\/div>\n\t\t\t\t\t\t<\/a>\t\t\n<style scope=\"scope\">\n\n#image_1066339808 {\n  width: 100%;\n}\n<\/style>\n\t<\/div>\n\t\n\n<p><a href=\"https:\/\/drive.google.com\/file\/d\/1CoTzEKiCLiZ-WwmFQPFcPZL0DyzZpCO0\/view?usp=sharing\"><strong>Ver o Descargar<\/strong><\/a><\/p>\n\n\t\t<\/div>\n\t<\/div>\n\n\t\n\n<\/div>\n\n\t\t<\/div>\n\t<\/div>\n\n\t\n\n<\/div>\n\n\t\t<\/div>\n\t<\/div>\n\n\t\n\n\n<style scope=\"scope\">\n\n<\/style>\n<\/div>\n\n","protected":false},"excerpt":{"rendered":"","protected":false},"author":2,"featured_media":0,"parent":0,"menu_order":0,"comment_status":"closed","ping_status":"closed","template":"page-blank.php","meta":{"footnotes":""},"class_list":["post-221","page","type-page","status-publish","hentry"],"_links":{"self":[{"href":"https:\/\/harukay.com\/index.php?rest_route=\/wp\/v2\/pages\/221","targetHints":{"allow":["GET"]}}],"collection":[{"href":"https:\/\/harukay.com\/index.php?rest_route=\/wp\/v2\/pages"}],"about":[{"href":"https:\/\/harukay.com\/index.php?rest_route=\/wp\/v2\/types\/page"}],"author":[{"embeddable":true,"href":"https:\/\/harukay.com\/index.php?rest_route=\/wp\/v2\/users\/2"}],"replies":[{"embeddable":true,"href":"https:\/\/harukay.com\/index.php?rest_route=%2Fwp%2Fv2%2Fcomments&post=221"}],"version-history":[{"count":6,"href":"https:\/\/harukay.com\/index.php?rest_route=\/wp\/v2\/pages\/221\/revisions"}],"predecessor-version":[{"id":499,"href":"https:\/\/harukay.com\/index.php?rest_route=\/wp\/v2\/pages\/221\/revisions\/499"}],"wp:attachment":[{"href":"https:\/\/harukay.com\/index.php?rest_route=%2Fwp%2Fv2%2Fmedia&parent=221"}],"curies":[{"name":"wp","href":"https:\/\/api.w.org\/{rel}","templated":true}]}}