{"id":169,"date":"2025-04-10T19:36:06","date_gmt":"2025-04-10T17:36:06","guid":{"rendered":"http:\/\/harukay.com\/?page_id=169"},"modified":"2025-12-27T15:20:11","modified_gmt":"2025-12-27T14:20:11","slug":"hksbm4s-hk","status":"publish","type":"page","link":"https:\/\/harukay.com\/?page_id=169","title":{"rendered":"HKSBM4S-HK"},"content":{"rendered":"\n\t<div id=\"gap-1959666054\" class=\"gap-element clearfix\" style=\"display:block; height:auto;\">\n\t\t\n<style scope=\"scope\">\n\n#gap-1959666054 {\n  padding-top: 40px;\n}\n<\/style>\n\t<\/div>\n\t\n\n<div class=\"row align-center\"  id=\"row-419231206\">\n\n\n\t<div class=\"col medium-5 small-12 large-5\"  >\n\t\t<div class=\"col-inner\"  >\n\t\t\t\n\t\t\t\n\n\t<div class=\"img has-hover x md-x lg-x y md-y lg-y\" id=\"image_846648718\">\n\t\t\t\t\t\t\t\t<div class=\"img-inner dark\" >\n\t\t\t<img loading=\"lazy\" decoding=\"async\" width=\"1020\" height=\"1020\" src=\"https:\/\/harukay.com\/wp-content\/uploads\/2025\/04\/HKSBBM4S-HK-1024x1024.webp\" class=\"attachment-large size-large\" alt=\"\" srcset=\"https:\/\/harukay.com\/wp-content\/uploads\/2025\/04\/HKSBBM4S-HK-1024x1024.webp 1024w, https:\/\/harukay.com\/wp-content\/uploads\/2025\/04\/HKSBBM4S-HK-300x300.webp 300w, https:\/\/harukay.com\/wp-content\/uploads\/2025\/04\/HKSBBM4S-HK-150x150.webp 150w, https:\/\/harukay.com\/wp-content\/uploads\/2025\/04\/HKSBBM4S-HK-768x768.webp 768w, https:\/\/harukay.com\/wp-content\/uploads\/2025\/04\/HKSBBM4S-HK-1536x1536.webp 1536w, https:\/\/harukay.com\/wp-content\/uploads\/2025\/04\/HKSBBM4S-HK.webp 1772w\" sizes=\"auto, (max-width: 1020px) 100vw, 1020px\" \/>\t\t\t\t\t\t\n\t\t\t\t\t<\/div>\n\t\t\t\t\t\t\t\t\n<style scope=\"scope\">\n\n#image_846648718 {\n  width: 100%;\n}\n<\/style>\n\t<\/div>\n\t\n\n\n\t\t<\/div>\n\t<\/div>\n\n\t\n\n\t<div class=\"col medium-7 small-12 large-7\"  >\n\t\t<div class=\"col-inner\"  >\n\t\t\t\n\t\t\t\n\n\n\t\t<div class=\"icon-box featured-box icon-box-left text-left\"  >\n\t\t\t\t\t<div class=\"icon-box-img\" style=\"width: 60px\">\n\t\t\t\t<div class=\"icon\">\n\t\t\t\t\t<div class=\"icon-inner\" >\n\t\t\t\t\t\t<img loading=\"lazy\" decoding=\"async\" width=\"300\" height=\"300\" src=\"https:\/\/harukay.com\/wp-content\/uploads\/2025\/04\/Haruka-300x300.webp\" class=\"attachment-medium size-medium\" alt=\"\" srcset=\"https:\/\/harukay.com\/wp-content\/uploads\/2025\/04\/Haruka-300x300.webp 300w, https:\/\/harukay.com\/wp-content\/uploads\/2025\/04\/Haruka-150x150.webp 150w, https:\/\/harukay.com\/wp-content\/uploads\/2025\/04\/Haruka.webp 591w\" sizes=\"auto, (max-width: 300px) 100vw, 300px\" \/>\t\t\t\t\t<\/div>\n\t\t\t\t<\/div>\n\t\t\t<\/div>\n\t\t\t\t<div class=\"icon-box-text last-reset\">\n\t\t\t\t\t\t\t\t\t\n\n<div>\n<h1 style=\"text-align: left;\"><span style=\"font-size: 160%;\" data-line-height=\"xs\">HKSBM4S-HK<\/span><\/h1>\n<div style=\"text-align: left;\"><span style=\"font-size: 150%;\" data-line-height=\"xs\">PLANCHA <strong>HORMADORA<\/strong><\/span><\/div>\n<\/div>\n<div>La m\u00e1quina hormadora de calcetines es la soluci\u00f3n ideal para<\/div>\n<div>empresas que buscan optimizar su producci\u00f3n en la linea de<\/div>\n<div>fabricaci\u00f3n de calcetines, reducir costos y garantizar una calidad<\/div>\n<div>superior.<\/div>\n<div>\u00a0<\/div>\n<div>Esta herramienta automatiza el proceso de ajuste, horma y secado de<\/div>\n<div>los calcetines, asegurando que cada par conserve su forma y dise\u00f1o<\/div>\n<div>original, listo para su empaque. Entre sus beneficios se destacan la<\/div>\n<div>eficiencia operativa y un acabado impecable.<\/div>\n<div>\u00a0<\/div>\n\n\t\t<\/div>\n\t<\/div>\n\t\n\t\n<div class=\"row\"  id=\"row-1428028721\">\n\n\n\t<div class=\"col small-12 large-12\"  >\n\t\t<div class=\"col-inner\" style=\"background-color:rgb(245, 245, 245);padding:20px 20px 20px 20px;\" >\n\t\t\t\n\t\t\t\n\n<h1>Especificaciones T\u00e9cnicas<\/h1>\n<div class=\"row\"  id=\"row-893479549\">\n\n\n\t<div class=\"col medium-6 small-12 large-6\"  >\n\t\t<div class=\"col-inner\"  >\n\t\t\t\n\t\t\t\n\n<div><span data-text-color=\"primary\"><strong><span style=\"font-size: 120%;\">General<\/span><\/strong><\/span><\/div>\n<div><strong>Piezas:<\/strong> 4<\/div>\n<div><strong>Precalentamiento:<\/strong> 10 a 15 minutos<\/div>\n<div><strong>Producci\u00f3n:<\/strong> hasta 250 pares\/hora<\/div>\n<div><strong>Tiempo planchado:<\/strong> 10 a 15 segundos<\/div>\n<div>\u00a0<\/div>\n<div><span data-text-color=\"primary\"><strong><span style=\"font-size: 120%;\">Tama\u00f1o<\/span><\/strong><\/span><\/div>\n<div><strong>Ancho:<\/strong> 80cm<\/div>\n<div><strong>Alto:<\/strong> 16 cm<\/div>\n<div><strong>Largo:<\/strong> 40cm<\/div>\n<div><strong>Peso:<\/strong> 20 Kg<\/div>\n\n\t\t<\/div>\n\t<\/div>\n\n\t\n\n\t<div class=\"col medium-6 small-12 large-6\"  >\n\t\t<div class=\"col-inner\"  >\n\t\t\t\n\t\t\t\n\n<div><span style=\"font-size: 120%;\" data-text-color=\"primary\"><strong>El\u00e9ctrico<\/strong><\/span><\/div>\n<div><strong>Consumo total:<\/strong> 50 Amperios<\/div>\n<div><strong>Voltaje:<\/strong> 220V Monof\u00e1sico<\/div>\n<div><strong>Frecuencia:<\/strong> 50HZ<\/div>\n<div>Consumo de energ\u00eda: 100W-250W<\/div>\n<div>\u00a0<\/div>\n<div><span style=\"font-size: 120%;\" data-text-color=\"primary\"><strong>Aplicaciones\u00a0<\/strong><\/span><\/div>\n<div>Se pueden planchar todo tipo de calcetines: calcetines lisos, calcetines de rizo, calcetines m\u00e1s gruesos, etc.<\/div>\n<div>\u00a0<\/div>\n<div>\n<div><span style=\"font-size: 120%;\" data-text-color=\"primary\"><strong>Cat\u00e1logo<\/strong><\/span><\/div>\n<\/div>\n\t<div class=\"img has-hover x md-x lg-x y md-y lg-y\" id=\"image_1385502019\">\n\t\t<a class=\"\" href=\"https:\/\/drive.google.com\/file\/d\/1MtrijOeiFhF3hC9On9pWFyLM13QwPVjI\/view?usp=sharing\"  >\t\t\t\t\t\t<div class=\"img-inner dark\" >\n\t\t\t<img loading=\"lazy\" decoding=\"async\" width=\"1020\" height=\"1020\" src=\"https:\/\/harukay.com\/wp-content\/uploads\/2025\/05\/HKSBM4S-HK-1024x1024.webp\" class=\"attachment-large size-large\" alt=\"\" srcset=\"https:\/\/harukay.com\/wp-content\/uploads\/2025\/05\/HKSBM4S-HK-1024x1024.webp 1024w, https:\/\/harukay.com\/wp-content\/uploads\/2025\/05\/HKSBM4S-HK-300x300.webp 300w, https:\/\/harukay.com\/wp-content\/uploads\/2025\/05\/HKSBM4S-HK-150x150.webp 150w, https:\/\/harukay.com\/wp-content\/uploads\/2025\/05\/HKSBM4S-HK-768x768.webp 768w, https:\/\/harukay.com\/wp-content\/uploads\/2025\/05\/HKSBM4S-HK-1536x1536.webp 1536w, https:\/\/harukay.com\/wp-content\/uploads\/2025\/05\/HKSBM4S-HK.webp 1575w\" sizes=\"auto, (max-width: 1020px) 100vw, 1020px\" \/>\t\t\t\t\t\t\n\t\t\t\t\t<\/div>\n\t\t\t\t\t\t<\/a>\t\t\n<style scope=\"scope\">\n\n#image_1385502019 {\n  width: 100%;\n}\n<\/style>\n\t<\/div>\n\t\n\n<p><a href=\"https:\/\/drive.google.com\/file\/d\/1MtrijOeiFhF3hC9On9pWFyLM13QwPVjI\/view?usp=sharing\"><b>Ver o Descargar\u00a0<\/b><\/a><\/p>\n\n\t\t<\/div>\n\t<\/div>\n\n\t\n\n<\/div>\n<div>*La producci\u00f3n depende de tipo de calcet\u00edn y la velocidad\u00a0<\/div>\n<div>*Consumo de energ\u00eda seg\u00fan los diferentes tama\u00f1os del montaje y desmontaje. de las hormas para calcetines.<\/div>\n<div>*se pueden instalar todo tipo de calcetines en la misma m\u00e1quina, tambi\u00e9n ocupa menos espacio de trabajo.<\/div>\n\n\t\t<\/div>\n\t<\/div>\n\n\t\n\n<\/div>\n\n\t\t<\/div>\n\t<\/div>\n\n\t\n\n\n<style scope=\"scope\">\n\n<\/style>\n<\/div>\n\t<section class=\"section\" id=\"section_776904792\">\n\t\t<div class=\"bg section-bg fill bg-fill  bg-loaded\" >\n\n\t\t\t\n\t\t\t\n\t\t\t\n\n\t\t<\/div>\n\n\t\t<div class=\"section-content relative\">\n\t\t\t\n\n<div class=\"row align-center\"  id=\"row-82115524\">\n\n\n\t<div class=\"col medium-5 small-12 large-5\"  >\n\t\t<div class=\"col-inner\" style=\"padding:20px 20px 20px 20px;\" >\n\t\t\t\n\t\t\t\n\n<h1><span style=\"font-size: 140%;\" data-line-height=\"s\">Con\u00e9ctate con la Innovaci\u00f3n Textil<\/span><\/h1>\n<p class=\"\" data-start=\"243\" data-end=\"465\">En <strong data-start=\"246\" data-end=\"257\">Harukay<\/strong>, no solo fabricamos m\u00e1quinas electr\u00f3nicas de tejido, <strong data-start=\"311\" data-end=\"364\">dise\u00f1amos soluciones para potenciar tu producci\u00f3n<\/strong>. Nuestro equipo est\u00e1 listo para asesorarte en la selecci\u00f3n de la mejor tecnolog\u00eda para tu negocio.<\/p>\n<p class=\"\" data-start=\"467\" data-end=\"632\"><strong data-start=\"470\" data-end=\"545\">Desde nuestra f\u00e1brica hasta tu taller, llevamos innovaci\u00f3n sin l\u00edmites con <\/strong><strong data-start=\"551\" data-end=\"630\">Atenci\u00f3n r\u00e1pida, soporte t\u00e9cnico y env\u00edos a nivel nacional e internacional.<\/strong><\/p>\n\t<div id=\"gap-1117780918\" class=\"gap-element clearfix\" style=\"display:block; height:auto;\">\n\t\t\n<style scope=\"scope\">\n\n#gap-1117780918 {\n  padding-top: 20px;\n}\n<\/style>\n\t<\/div>\n\t\n\n\n\t\t<div class=\"icon-box featured-box icon-box-left text-left\"  >\n\t\t\t\t\t<div class=\"icon-box-img\" style=\"width: 33px\">\n\t\t\t\t<div class=\"icon\">\n\t\t\t\t\t<div class=\"icon-inner\" >\n\t\t\t\t\t\t<img loading=\"lazy\" decoding=\"async\" width=\"300\" height=\"300\" src=\"https:\/\/harukay.com\/wp-content\/uploads\/2025\/04\/correo-electronico-300x300.png\" class=\"attachment-medium size-medium\" alt=\"\" srcset=\"https:\/\/harukay.com\/wp-content\/uploads\/2025\/04\/correo-electronico-300x300.png 300w, https:\/\/harukay.com\/wp-content\/uploads\/2025\/04\/correo-electronico-150x150.png 150w, https:\/\/harukay.com\/wp-content\/uploads\/2025\/04\/correo-electronico.png 512w\" sizes=\"auto, (max-width: 300px) 100vw, 300px\" \/>\t\t\t\t\t<\/div>\n\t\t\t\t<\/div>\n\t\t\t<\/div>\n\t\t\t\t<div class=\"icon-box-text last-reset\">\n\t\t\t\t\t\t\t\t\t\n\n<h3 data-line-height=\"xs\">contact@harukay.com<\/h3>\n<p data-line-height=\"xs\">Correo Electr\u00f3nico<\/p>\n\n\t\t<\/div>\n\t<\/div>\n\t\n\t\n\n\t\t<\/div>\n\t<\/div>\n\n\t\n\n\t<div class=\"col medium-4 small-12 large-4\"  >\n\t\t<div class=\"col-inner\"  >\n\t\t\t\n\t\t\t\n\n<p data-line-height=\"m\"><span style=\"font-size: 140%;\">Completa el formulario y perm\u00edtenos ayudarte a transformar tu proceso textil con<span data-text-color=\"primary\"><strong> la precisi\u00f3n y eficiencia de Harukay.<\/strong><\/span><\/span><\/p>\n<div class=\"row\"  id=\"row-1725685973\">\n\n\n\t<div class=\"col small-12 large-12\"  >\n\t\t<div class=\"col-inner\" style=\"background-color:#97b9d4;padding:30px 20px 20px 30px;\" >\n\t\t\t\n\t\t\t\n\n\n<div class=\"wpcf7 no-js\" id=\"wpcf7-f101-o1\" lang=\"es-ES\" dir=\"ltr\" data-wpcf7-id=\"101\">\n<div class=\"screen-reader-response\"><p role=\"status\" aria-live=\"polite\" aria-atomic=\"true\"><\/p> <ul><\/ul><\/div>\n<form action=\"\/index.php?rest_route=%2Fwp%2Fv2%2Fpages%2F169#wpcf7-f101-o1\" method=\"post\" class=\"wpcf7-form init\" aria-label=\"Formulario de contacto\" novalidate=\"novalidate\" data-status=\"init\">\n<fieldset class=\"hidden-fields-container\"><input type=\"hidden\" name=\"_wpcf7\" value=\"101\" \/><input type=\"hidden\" name=\"_wpcf7_version\" value=\"6.1.4\" \/><input type=\"hidden\" name=\"_wpcf7_locale\" value=\"es_ES\" \/><input type=\"hidden\" name=\"_wpcf7_unit_tag\" value=\"wpcf7-f101-o1\" \/><input type=\"hidden\" name=\"_wpcf7_container_post\" value=\"0\" \/><input type=\"hidden\" name=\"_wpcf7_posted_data_hash\" value=\"\" \/><input type=\"hidden\" name=\"_wpcf7_recaptcha_response\" value=\"\" \/>\n<\/fieldset>\n<div class=\"harukay-contact-form\">\n\t<div class=\"contact-columns\">\n\t\t<p><span class=\"wpcf7-form-control-wrap\" data-name=\"primer-nombre\"><input size=\"40\" maxlength=\"400\" class=\"wpcf7-form-control wpcf7-text wpcf7-validates-as-required\" aria-required=\"true\" aria-invalid=\"false\" placeholder=\"Primer Nombre\" value=\"\" type=\"text\" name=\"primer-nombre\" \/><\/span>\n\t\t<\/p>\n\t\t<p><span class=\"wpcf7-form-control-wrap\" data-name=\"primer-apellido\"><input size=\"40\" maxlength=\"400\" class=\"wpcf7-form-control wpcf7-text wpcf7-validates-as-required\" aria-required=\"true\" aria-invalid=\"false\" placeholder=\"Primer Apellido\" value=\"\" type=\"text\" name=\"primer-apellido\" \/><\/span>\n\t\t<\/p>\n\t<\/div>\n\t<div class=\"contact-columns\">\n\t\t<p><span class=\"wpcf7-form-control-wrap\" data-name=\"email\"><input size=\"40\" maxlength=\"400\" class=\"wpcf7-form-control wpcf7-email wpcf7-validates-as-required wpcf7-text wpcf7-validates-as-email\" aria-required=\"true\" aria-invalid=\"false\" placeholder=\"Email\" value=\"\" type=\"email\" name=\"email\" \/><\/span>\n\t\t<\/p>\n\t\t<p><span class=\"wpcf7-form-control-wrap\" data-name=\"celular\"><input size=\"40\" maxlength=\"400\" class=\"wpcf7-form-control wpcf7-tel wpcf7-validates-as-required wpcf7-text wpcf7-validates-as-tel\" aria-required=\"true\" aria-invalid=\"false\" placeholder=\"N\u00famero de Celular\" value=\"\" type=\"tel\" name=\"celular\" \/><\/span>\n\t\t<\/p>\n\t<\/div>\n\t<div class=\"contact-columns\">\n\t\t<p><span class=\"wpcf7-form-control-wrap\" data-name=\"ciudad\"><input size=\"40\" maxlength=\"400\" class=\"wpcf7-form-control wpcf7-text\" aria-invalid=\"false\" placeholder=\"Ciudad\" value=\"\" type=\"text\" name=\"ciudad\" \/><\/span>\n\t\t<\/p>\n\t\t<p><span class=\"wpcf7-form-control-wrap\" data-name=\"empresa\"><input size=\"40\" maxlength=\"400\" class=\"wpcf7-form-control wpcf7-text\" aria-invalid=\"false\" placeholder=\"Empresa\" value=\"\" type=\"text\" name=\"empresa\" \/><\/span>\n\t\t<\/p>\n\t<\/div>\n\t<p><span class=\"wpcf7-form-control-wrap\" data-name=\"mensaje\"><textarea cols=\"40\" rows=\"10\" maxlength=\"2000\" class=\"wpcf7-form-control wpcf7-textarea wpcf7-validates-as-required\" aria-required=\"true\" aria-invalid=\"false\" placeholder=\"Mensaje\" name=\"mensaje\"><\/textarea><\/span>\n\t<\/p>\n\t<p><span class=\"wpcf7-form-control-wrap\" data-name=\"accept-this-3\"><span class=\"wpcf7-form-control wpcf7-acceptance invert\"><span class=\"wpcf7-list-item\"><label><input type=\"checkbox\" name=\"accept-this-3\" value=\"1\" checked=\"checked\" aria-invalid=\"false\" \/><span class=\"wpcf7-list-item-label\">Acepto T\u00e9rminos y Condiciones<\/span><\/label><\/span><\/span><\/span>\n\t<\/p>\n<span class=\"wpcf7-form-control-wrap recaptcha\" data-name=\"recaptcha\"><span data-sitekey=\"6LdQrhIrAAAAACKuWwS072OraZtuTSlA_GNJceAd\" class=\"wpcf7-form-control wpcf7-recaptcha g-recaptcha\"><\/span>\r\n<noscript>\r\n\t<div class=\"grecaptcha-noscript\">\r\n\t\t<iframe loading=\"lazy\" src=\"https:\/\/www.google.com\/recaptcha\/api\/fallback?k=6LdQrhIrAAAAACKuWwS072OraZtuTSlA_GNJceAd\" frameborder=\"0\" scrolling=\"no\" width=\"310\" height=\"430\">\r\n\t\t<\/iframe>\r\n\t\t<textarea name=\"g-recaptcha-response\" rows=\"3\" cols=\"40\" placeholder=\"Aqu\u00ed la respuesta de reCAPTCHA\">\r\n\t\t<\/textarea>\r\n\t<\/div>\r\n<\/noscript>\r\n<\/span>\n\t<p>-\n\t<\/p>\n\t<p><input class=\"wpcf7-form-control wpcf7-submit has-spinner\" type=\"submit\" value=\"Enviar Mensaje\" \/>\n\t<\/p>\n<\/div><p style=\"display: none !important;\" class=\"akismet-fields-container\" data-prefix=\"_wpcf7_ak_\"><label>&#916;<textarea name=\"_wpcf7_ak_hp_textarea\" cols=\"45\" rows=\"8\" maxlength=\"100\"><\/textarea><\/label><input type=\"hidden\" id=\"ak_js_1\" name=\"_wpcf7_ak_js\" value=\"157\"\/><script>document.getElementById( \"ak_js_1\" ).setAttribute( \"value\", ( new Date() ).getTime() );<\/script><\/p><div class=\"wpcf7-response-output\" aria-hidden=\"true\"><\/div>\n<\/form>\n<\/div>\n\n\n\n\t\t<\/div>\n\t<\/div>\n\n\t\n\n<\/div>\n\n\t\t<\/div>\n\t<\/div>\n\n\t\n\n\n<style scope=\"scope\">\n\n<\/style>\n<\/div>\n\n\t\t<\/div>\n\n\t\t\n<style scope=\"scope\">\n\n#section_776904792 {\n  padding-top: 90px;\n  padding-bottom: 90px;\n  background-color: rgb(234, 234, 234);\n}\n<\/style>\n\t<\/section>\n\t\n\n\n","protected":false},"excerpt":{"rendered":"","protected":false},"author":2,"featured_media":0,"parent":0,"menu_order":0,"comment_status":"closed","ping_status":"closed","template":"page-blank.php","meta":{"footnotes":""},"class_list":["post-169","page","type-page","status-publish","hentry"],"_links":{"self":[{"href":"https:\/\/harukay.com\/index.php?rest_route=\/wp\/v2\/pages\/169","targetHints":{"allow":["GET"]}}],"collection":[{"href":"https:\/\/harukay.com\/index.php?rest_route=\/wp\/v2\/pages"}],"about":[{"href":"https:\/\/harukay.com\/index.php?rest_route=\/wp\/v2\/types\/page"}],"author":[{"embeddable":true,"href":"https:\/\/harukay.com\/index.php?rest_route=\/wp\/v2\/users\/2"}],"replies":[{"embeddable":true,"href":"https:\/\/harukay.com\/index.php?rest_route=%2Fwp%2Fv2%2Fcomments&post=169"}],"version-history":[{"count":30,"href":"https:\/\/harukay.com\/index.php?rest_route=\/wp\/v2\/pages\/169\/revisions"}],"predecessor-version":[{"id":496,"href":"https:\/\/harukay.com\/index.php?rest_route=\/wp\/v2\/pages\/169\/revisions\/496"}],"wp:attachment":[{"href":"https:\/\/harukay.com\/index.php?rest_route=%2Fwp%2Fv2%2Fmedia&parent=169"}],"curies":[{"name":"wp","href":"https:\/\/api.w.org\/{rel}","templated":true}]}}